{"id":206,"date":"2024-06-10T08:18:09","date_gmt":"2024-06-10T08:18:09","guid":{"rendered":"https:\/\/raw.githubusercontent.com\/drfuri\/demo-content\/main\/ecomus\/fashion\/images\/?page_id=206"},"modified":"2025-03-23T20:15:41","modified_gmt":"2025-03-23T20:15:41","slug":"contacto","status":"publish","type":"page","link":"https:\/\/shop.souks.es\/en\/contacto\/","title":{"rendered":"Contacto"},"content":{"rendered":"<div data-elementor-type=\"wp-page\" data-elementor-id=\"206\" class=\"elementor elementor-206\">\n\t\t\t\t<div class=\"elementor-element elementor-element-5914fcdc e-flex e-con-boxed ecomus-responsive-column ecomus-tablet-column--default ecomus-responsive-column ecomus-mobile-column--default ecomus-responsive-column ecomus-motion--var(--position) e-con e-parent\" data-id=\"5914fcdc\" data-element_type=\"container\">\n\t\t\t\t\t<div class=\"e-con-inner\">\n\t\t<div class=\"elementor-element elementor-element-7b7f01a8 e-con-full e-flex ecomus-responsive-column ecomus-tablet-column--default ecomus-responsive-column ecomus-mobile-column--default ecomus-responsive-column ecomus-motion--var(--position) e-con e-child\" data-id=\"7b7f01a8\" data-element_type=\"container\">\n\t\t\t\t<div class=\"elementor-element elementor-element-14d326e7 elementor-widget elementor-widget-heading\" data-id=\"14d326e7\" data-element_type=\"widget\" data-widget_type=\"heading.default\">\n\t\t\t\t<div class=\"elementor-widget-container\">\n\t\t\t\t\t<h5 class=\"elementor-heading-title elementor-size-default\">Contacta con Nosotros<\/h5>\t\t\t\t<\/div>\n\t\t\t\t<\/div>\n\t\t\t\t<div class=\"elementor-element elementor-element-2bd7ade6 elementor-widget elementor-widget-heading\" data-id=\"2bd7ade6\" data-element_type=\"widget\" data-widget_type=\"heading.default\">\n\t\t\t\t<div class=\"elementor-widget-container\">\n\t\t\t\t\t<h6 class=\"elementor-heading-title elementor-size-default\">Direcci\u00f3n<\/h6>\t\t\t\t<\/div>\n\t\t\t\t<\/div>\n\t\t\t\t<div class=\"elementor-element elementor-element-4d5b2757 elementor-widget elementor-widget-text-editor\" data-id=\"4d5b2757\" data-element_type=\"widget\" data-widget_type=\"text-editor.default\">\n\t\t\t\t<div class=\"elementor-widget-container\">\n\t\t\t\t\t\t\t\t\t<p>Direcci\u00f3n: Avenida del Mediterr\u00e1neo, 187<br \/>29730 Rinc\u00f3n de la Victoria,<br \/>M\u00e1laga, Espa\u00f1a<\/p>\t\t\t\t\t\t\t\t<\/div>\n\t\t\t\t<\/div>\n\t\t\t\t<div class=\"elementor-element elementor-element-412306c1 elementor-widget elementor-widget-heading\" data-id=\"412306c1\" data-element_type=\"widget\" data-widget_type=\"heading.default\">\n\t\t\t\t<div class=\"elementor-widget-container\">\n\t\t\t\t\t<h6 class=\"elementor-heading-title elementor-size-default\">Tel\u00e9fono &amp; Whatsapp<\/h6>\t\t\t\t<\/div>\n\t\t\t\t<\/div>\n\t\t\t\t<div class=\"elementor-element elementor-element-69e56256 elementor-widget elementor-widget-text-editor\" data-id=\"69e56256\" data-element_type=\"widget\" data-widget_type=\"text-editor.default\">\n\t\t\t\t<div class=\"elementor-widget-container\">\n\t\t\t\t\t\t\t\t\t<p><a href=\"https:\/\/wa.me\/+34696329420\" target=\"_blank\" rel=\"noopener\">(+34) 696 32 94 20<\/a><\/p>\t\t\t\t\t\t\t\t<\/div>\n\t\t\t\t<\/div>\n\t\t\t\t<div class=\"elementor-element elementor-element-2ce667c6 elementor-widget elementor-widget-heading\" data-id=\"2ce667c6\" data-element_type=\"widget\" data-widget_type=\"heading.default\">\n\t\t\t\t<div class=\"elementor-widget-container\">\n\t\t\t\t\t<h6 class=\"elementor-heading-title elementor-size-default\">E-mail<\/h6>\t\t\t\t<\/div>\n\t\t\t\t<\/div>\n\t\t\t\t<div class=\"elementor-element elementor-element-1680f23 elementor-widget elementor-widget-text-editor\" data-id=\"1680f23\" data-element_type=\"widget\" data-widget_type=\"text-editor.default\">\n\t\t\t\t<div class=\"elementor-widget-container\">\n\t\t\t\t\t\t\t\t\t<p><a href=\"mailto:Info@souks.es\" target=\"_blank\" rel=\"noopener\">Info@souks.es<\/a><\/p>\t\t\t\t\t\t\t\t<\/div>\n\t\t\t\t<\/div>\n\t\t\t\t<div class=\"elementor-element elementor-element-e797a50 ecomus-social-icons__style--none elementor-widget elementor-widget-ecomus-social-icons\" data-id=\"e797a50\" data-element_type=\"widget\" data-widget_type=\"ecomus-social-icons.default\">\n\t\t\t\t<div class=\"elementor-widget-container\">\n\t\t\t\t\t\t\t<div class=\"ecomus-social-icons__wrapper\">\n\t\t\t\t\t\t\t<a class=\"ecomus-social-icons__item  elementor-repeater-item-2d7d3e4\" href=\"#\" target=\"_blank\" aria-label=\"Social\" icon link>\n\t\t\t\t\t\t\t\t\t\t\t<span class=\"ecomus-svg-icon\"><svg xmlns=\"http:\/\/www.w3.org\/2000\/svg\" viewbox=\"0 0 320 512\"><path d=\"M279.14 288l14.22-92.66h-88.91v-60.13c0-25.35 12.42-50.06 52.24-50.06h40.42V6.26S260.43 0 225.36 0c-73.22 0-121.08 44.38-121.08 124.72v70.62H22.89V288h81.39v224h100.17V288z\"><\/path><\/svg><\/span>\t\t\t\t\t\t\t\t\t<\/a>\n\t\t\t\t\t\t\t<a class=\"ecomus-social-icons__item  elementor-repeater-item-42c0eb9\" href=\"#\" target=\"_blank\" aria-label=\"Social\" icon link>\n\t\t\t\t\t\t\t\t\t\t\t<span class=\"ecomus-svg-icon\"><\/span>\t\t\t\t\t\t\t\t\t<\/a>\n\t\t\t\t\t\t\t<a class=\"ecomus-social-icons__item  elementor-repeater-item-cc608f4\" href=\"#\" target=\"_blank\" aria-label=\"Social\" icon link>\n\t\t\t\t\t\t\t\t\t\t\t<span class=\"ecomus-svg-icon\"><svg xmlns=\"http:\/\/www.w3.org\/2000\/svg\" viewbox=\"0 0 448 512\"><path d=\"M224.1 141c-63.6 0-114.9 51.3-114.9 114.9s51.3 114.9 114.9 114.9S339 319.5 339 255.9 287.7 141 224.1 141zm0 189.6c-41.1 0-74.7-33.5-74.7-74.7s33.5-74.7 74.7-74.7 74.7 33.5 74.7 74.7-33.6 74.7-74.7 74.7zm146.4-194.3c0 14.9-12 26.8-26.8 26.8-14.9 0-26.8-12-26.8-26.8s12-26.8 26.8-26.8 26.8 12 26.8 26.8zm76.1 27.2c-1.7-35.9-9.9-67.7-36.2-93.9-26.2-26.2-58-34.4-93.9-36.2-37-2.1-147.9-2.1-184.9 0-35.8 1.7-67.6 9.9-93.9 36.1s-34.4 58-36.2 93.9c-2.1 37-2.1 147.9 0 184.9 1.7 35.9 9.9 67.7 36.2 93.9s58 34.4 93.9 36.2c37 2.1 147.9 2.1 184.9 0 35.9-1.7 67.7-9.9 93.9-36.2 26.2-26.2 34.4-58 36.2-93.9 2.1-37 2.1-147.8 0-184.8zM398.8 388c-7.8 19.6-22.9 34.7-42.6 42.6-29.5 11.7-99.5 9-132.1 9s-102.7 2.6-132.1-9c-19.6-7.8-34.7-22.9-42.6-42.6-11.7-29.5-9-99.5-9-132.1s-2.6-102.7 9-132.1c7.8-19.6 22.9-34.7 42.6-42.6 29.5-11.7 99.5-9 132.1-9s102.7-2.6 132.1 9c19.6 7.8 34.7 22.9 42.6 42.6 11.7 29.5 9 99.5 9 132.1s2.7 102.7-9 132.1z\"><\/path><\/svg><\/span>\t\t\t\t\t\t\t\t\t<\/a>\n\t\t\t\t\t\t\t<a class=\"ecomus-social-icons__item  elementor-repeater-item-2ba296b\" href=\"#\" target=\"_blank\" aria-label=\"Social\" icon link>\n\t\t\t\t\t\t\t\t\t\t\t<span class=\"ecomus-svg-icon\"><svg xmlns=\"http:\/\/www.w3.org\/2000\/svg\" viewbox=\"0 0 448 512\"><path d=\"M448,209.91a210.06,210.06,0,0,1-122.77-39.25V349.38A162.55,162.55,0,1,1,185,188.31V278.2a74.62,74.62,0,1,0,52.23,71.18V0l88,0a121.18,121.18,0,0,0,1.86,22.17h0A122.18,122.18,0,0,0,381,102.39a121.43,121.43,0,0,0,67,20.14Z\"><\/path><\/svg><\/span>\t\t\t\t\t\t\t\t\t<\/a>\n\t\t\t\t\t<\/div>\n\t\t\t\t\t\t<\/div>\n\t\t\t\t<\/div>\n\t\t\t\t<\/div>\n\t\t<div class=\"elementor-element elementor-element-7fae6aef e-con-full e-flex ecomus-responsive-column ecomus-tablet-column--default ecomus-responsive-column ecomus-mobile-column--default ecomus-responsive-column ecomus-motion--var(--position) e-con e-child\" data-id=\"7fae6aef\" data-element_type=\"container\">\n\t\t\t\t<div class=\"elementor-element elementor-element-1eff7402 elementor-widget elementor-widget-heading\" data-id=\"1eff7402\" data-element_type=\"widget\" data-widget_type=\"heading.default\">\n\t\t\t\t<div class=\"elementor-widget-container\">\n\t\t\t\t\t<h5 class=\"elementor-heading-title elementor-size-default\">Habla con Nosotros<\/h5>\t\t\t\t<\/div>\n\t\t\t\t<\/div>\n\t\t\t\t<div class=\"elementor-element elementor-element-1c69f465 elementor-widget elementor-widget-text-editor\" data-id=\"1c69f465\" data-element_type=\"widget\" data-widget_type=\"text-editor.default\">\n\t\t\t\t<div class=\"elementor-widget-container\">\n\t\t\t\t\t\t\t\t\t<p>Nuestro equipo de expertos est\u00e1 disponible para resolver tus dudas sobre pedidos, ubicaci\u00f3n de productos o distribuci\u00f3n, respondiendo con la mayor rapidez posible.<\/p>\t\t\t\t\t\t\t\t<\/div>\n\t\t\t\t<\/div>\n\t\t\t\t<div class=\"elementor-element elementor-element-312d3716 elementor-widget elementor-widget-ecomus-contact-form\" data-id=\"312d3716\" data-element_type=\"widget\" data-widget_type=\"ecomus-contact-form.default\">\n\t\t\t\t<div class=\"elementor-widget-container\">\n\t\t\t\t\t\t\t<div class=\"ecomus-contact-form ecomus-custom-button--skin\">\n\t\t\t\n<div class=\"wpcf7 no-js\" id=\"wpcf7-f348-o1\" lang=\"en-US\" dir=\"ltr\" data-wpcf7-id=\"348\">\n<div class=\"screen-reader-response\"><p role=\"status\" aria-live=\"polite\" aria-atomic=\"true\"><\/p> <ul><\/ul><\/div>\n<form action=\"\/en\/wp-json\/wp\/v2\/pages\/206#wpcf7-f348-o1\" method=\"post\" class=\"wpcf7-form init\" aria-label=\"Contact form\" novalidate=\"novalidate\" data-status=\"init\" data-trp-original-action=\"\/en\/wp-json\/wp\/v2\/pages\/206#wpcf7-f348-o1\">\n<div style=\"display: none;\">\n<input type=\"hidden\" name=\"_wpcf7\" value=\"348\" \/>\n<input type=\"hidden\" name=\"_wpcf7_version\" value=\"6.0.6\" \/>\n<input type=\"hidden\" name=\"_wpcf7_locale\" value=\"en_US\" \/>\n<input type=\"hidden\" name=\"_wpcf7_unit_tag\" value=\"wpcf7-f348-o1\" \/>\n<input type=\"hidden\" name=\"_wpcf7_container_post\" value=\"0\" \/>\n<input type=\"hidden\" name=\"_wpcf7_posted_data_hash\" value=\"\" \/>\n<\/div>\n<div class=\"em-row\">\n\t<div class=\"em-xs-12 em-md-6 em-col\">\n\t\t<p><span class=\"wpcf7-form-control-wrap\" data-name=\"em-name\"><input size=\"40\" maxlength=\"400\" class=\"wpcf7-form-control wpcf7-text wpcf7-validates-as-required\" aria-required=\"true\" aria-invalid=\"false\" placeholder=\"Nombre Completo *\" value=\"\" type=\"text\" name=\"em-name\" \/><\/span>\n\t\t<\/p>\n\t<\/div>\n\t<div class=\"em-xs-12 em-md-6 em-col\">\n\t\t<p><span class=\"wpcf7-form-control-wrap\" data-name=\"em-email\"><input size=\"40\" maxlength=\"400\" class=\"wpcf7-form-control wpcf7-email wpcf7-validates-as-required wpcf7-text wpcf7-validates-as-email\" aria-required=\"true\" aria-invalid=\"false\" placeholder=\"E-mail *\" value=\"\" type=\"email\" name=\"em-email\" \/><\/span>\n\t\t<\/p>\n\t<\/div>\n\t<div class=\"em-xs-12 em-md-12 em-col\">\n\t\t<p><span class=\"wpcf7-form-control-wrap\" data-name=\"em-message\"><textarea cols=\"40\" rows=\"10\" maxlength=\"2000\" class=\"wpcf7-form-control wpcf7-textarea\" aria-invalid=\"false\" placeholder=\"Mensaje\" name=\"em-message\"><\/textarea><\/span>\n\t\t<\/p>\n\t<\/div>\n\t<div class=\"em-xs-12 em-md-12 em-col\">\n\t\t<p><input class=\"wpcf7-form-control wpcf7-submit has-spinner\" type=\"submit\" value=\"Enviar\" \/>\n\t\t<\/p>\n\t<\/div>\n<\/div><div class=\"wpcf7-response-output\" aria-hidden=\"true\"><\/div>\n<input type=\"hidden\" name=\"trp-form-language\" value=\"en\"\/><\/form>\n<\/div>\n\t\t<\/div>\n\t\t\t\t\t\t<\/div>\n\t\t\t\t<\/div>\n\t\t\t\t<\/div>\n\t\t\t\t\t<\/div>\n\t\t\t\t<\/div>\n\t\t\t\t<\/div>","protected":false},"excerpt":{"rendered":"<p>Contacta con Nosotros Direcci\u00f3n Direcci\u00f3n: Avenida del Mediterr\u00e1neo, 18729730 Rinc\u00f3n de la Victoria,M\u00e1laga, Espa\u00f1a Tel\u00e9fono &#038; Whatsapp (+34) 696 32 94 20 E-mail Info@souks.es Habla con Nosotros Nuestro equipo de expertos est\u00e1 disponible para resolver tus dudas sobre pedidos, ubicaci\u00f3n de productos o distribuci\u00f3n, respondiendo con la mayor rapidez posible.<\/p>","protected":false},"author":1,"featured_media":0,"parent":0,"menu_order":0,"comment_status":"closed","ping_status":"closed","template":"","meta":{"_joinchat":[],"footnotes":""},"class_list":["post-206","page","type-page","status-publish","hentry"],"yoast_head":"<!-- This site is optimized with the Yoast SEO plugin v24.8.1 - https:\/\/yoast.com\/wordpress\/plugins\/seo\/ -->\n<title>Contacto - Souks.es<\/title>\n<meta name=\"robots\" content=\"index, follow, max-snippet:-1, max-image-preview:large, max-video-preview:-1\" \/>\n<link rel=\"canonical\" href=\"https:\/\/shop.souks.es\/en\/contacto\/\" \/>\n<meta property=\"og:locale\" content=\"en_US\" \/>\n<meta property=\"og:type\" content=\"article\" \/>\n<meta property=\"og:title\" content=\"Contacto - Souks.es\" \/>\n<meta property=\"og:description\" content=\"Contacta con Nosotros Direcci\u00f3n Direcci\u00f3n: Avenida del Mediterr\u00e1neo, 18729730 Rinc\u00f3n de la Victoria,M\u00e1laga, Espa\u00f1a Tel\u00e9fono &#038; Whatsapp (+34) 696 32 94 20 E-mail Info@souks.es Habla con Nosotros Nuestro equipo de expertos est\u00e1 disponible para resolver tus dudas sobre pedidos, ubicaci\u00f3n de productos o distribuci\u00f3n, respondiendo con la mayor rapidez posible.\" \/>\n<meta property=\"og:url\" content=\"https:\/\/shop.souks.es\/en\/contacto\/\" \/>\n<meta property=\"og:site_name\" content=\"Souks.es\" \/>\n<meta property=\"article:modified_time\" content=\"2025-03-23T20:15:41+00:00\" \/>\n<meta name=\"twitter:card\" content=\"summary_large_image\" \/>\n<meta name=\"twitter:label1\" content=\"Est. reading time\" \/>\n\t<meta name=\"twitter:data1\" content=\"1 minute\" \/>\n<script type=\"application\/ld+json\" class=\"yoast-schema-graph\">{\"@context\":\"https:\/\/schema.org\",\"@graph\":[{\"@type\":\"WebPage\",\"@id\":\"https:\/\/shop.souks.es\/contacto\/\",\"url\":\"https:\/\/shop.souks.es\/contacto\/\",\"name\":\"Contacto - Souks.es\",\"isPartOf\":{\"@id\":\"https:\/\/darkslategrey-elephant-922449.hostingersite.com\/en\/#website\"},\"datePublished\":\"2024-06-10T08:18:09+00:00\",\"dateModified\":\"2025-03-23T20:15:41+00:00\",\"breadcrumb\":{\"@id\":\"https:\/\/shop.souks.es\/contacto\/#breadcrumb\"},\"inLanguage\":\"en-US\",\"potentialAction\":[{\"@type\":\"ReadAction\",\"target\":[\"https:\/\/shop.souks.es\/contacto\/\"]}]},{\"@type\":\"BreadcrumbList\",\"@id\":\"https:\/\/shop.souks.es\/contacto\/#breadcrumb\",\"itemListElement\":[{\"@type\":\"ListItem\",\"position\":1,\"name\":\"Portada\",\"item\":\"https:\/\/darkslategrey-elephant-922449.hostingersite.com\/en\/\"},{\"@type\":\"ListItem\",\"position\":2,\"name\":\"Contacto\"}]},{\"@type\":\"WebSite\",\"@id\":\"https:\/\/darkslategrey-elephant-922449.hostingersite.com\/en\/#website\",\"url\":\"https:\/\/darkslategrey-elephant-922449.hostingersite.com\/en\/\",\"name\":\"Souks.es\",\"description\":\"Maxima Pureza\",\"potentialAction\":[{\"@type\":\"SearchAction\",\"target\":{\"@type\":\"EntryPoint\",\"urlTemplate\":\"https:\/\/darkslategrey-elephant-922449.hostingersite.com\/en\/?s={search_term_string}\"},\"query-input\":{\"@type\":\"PropertyValueSpecification\",\"valueRequired\":true,\"valueName\":\"search_term_string\"}}],\"inLanguage\":\"en-US\"}]}<\/script>\n<!-- \/ Yoast SEO plugin. -->","yoast_head_json":{"title":"Contacto - Souks.es","robots":{"index":"index","follow":"follow","max-snippet":"max-snippet:-1","max-image-preview":"max-image-preview:large","max-video-preview":"max-video-preview:-1"},"canonical":"https:\/\/shop.souks.es\/en\/contacto\/","og_locale":"en_US","og_type":"article","og_title":"Contacto - Souks.es","og_description":"Contacta con Nosotros Direcci\u00f3n Direcci\u00f3n: Avenida del Mediterr\u00e1neo, 18729730 Rinc\u00f3n de la Victoria,M\u00e1laga, Espa\u00f1a Tel\u00e9fono &#038; Whatsapp (+34) 696 32 94 20 E-mail Info@souks.es Habla con Nosotros Nuestro equipo de expertos est\u00e1 disponible para resolver tus dudas sobre pedidos, ubicaci\u00f3n de productos o distribuci\u00f3n, respondiendo con la mayor rapidez posible.","og_url":"https:\/\/shop.souks.es\/en\/contacto\/","og_site_name":"Souks.es","article_modified_time":"2025-03-23T20:15:41+00:00","twitter_card":"summary_large_image","twitter_misc":{"Est. reading time":"1 minute"},"schema":{"@context":"https:\/\/schema.org","@graph":[{"@type":"WebPage","@id":"https:\/\/shop.souks.es\/contacto\/","url":"https:\/\/shop.souks.es\/contacto\/","name":"Contacto - Souks.es","isPartOf":{"@id":"https:\/\/darkslategrey-elephant-922449.hostingersite.com\/en\/#website"},"datePublished":"2024-06-10T08:18:09+00:00","dateModified":"2025-03-23T20:15:41+00:00","breadcrumb":{"@id":"https:\/\/shop.souks.es\/contacto\/#breadcrumb"},"inLanguage":"en-US","potentialAction":[{"@type":"ReadAction","target":["https:\/\/shop.souks.es\/contacto\/"]}]},{"@type":"BreadcrumbList","@id":"https:\/\/shop.souks.es\/contacto\/#breadcrumb","itemListElement":[{"@type":"ListItem","position":1,"name":"Portada","item":"https:\/\/darkslategrey-elephant-922449.hostingersite.com\/en\/"},{"@type":"ListItem","position":2,"name":"Contacto"}]},{"@type":"WebSite","@id":"https:\/\/darkslategrey-elephant-922449.hostingersite.com\/en\/#website","url":"https:\/\/darkslategrey-elephant-922449.hostingersite.com\/en\/","name":"Souks.es","description":"Maxima Pureza","potentialAction":[{"@type":"SearchAction","target":{"@type":"EntryPoint","urlTemplate":"https:\/\/darkslategrey-elephant-922449.hostingersite.com\/en\/?s={search_term_string}"},"query-input":{"@type":"PropertyValueSpecification","valueRequired":true,"valueName":"search_term_string"}}],"inLanguage":"en-US"}]}},"_links":{"self":[{"href":"https:\/\/shop.souks.es\/en\/wp-json\/wp\/v2\/pages\/206","targetHints":{"allow":["GET"]}}],"collection":[{"href":"https:\/\/shop.souks.es\/en\/wp-json\/wp\/v2\/pages"}],"about":[{"href":"https:\/\/shop.souks.es\/en\/wp-json\/wp\/v2\/types\/page"}],"author":[{"embeddable":true,"href":"https:\/\/shop.souks.es\/en\/wp-json\/wp\/v2\/users\/1"}],"replies":[{"embeddable":true,"href":"https:\/\/shop.souks.es\/en\/wp-json\/wp\/v2\/comments?post=206"}],"version-history":[{"count":11,"href":"https:\/\/shop.souks.es\/en\/wp-json\/wp\/v2\/pages\/206\/revisions"}],"predecessor-version":[{"id":6769,"href":"https:\/\/shop.souks.es\/en\/wp-json\/wp\/v2\/pages\/206\/revisions\/6769"}],"wp:attachment":[{"href":"https:\/\/shop.souks.es\/en\/wp-json\/wp\/v2\/media?parent=206"}],"curies":[{"name":"wp","href":"https:\/\/api.w.org\/{rel}","templated":true}]}}