{"id":208,"date":"2024-06-10T08:18:19","date_gmt":"2024-06-10T08:18:19","guid":{"rendered":"https:\/\/raw.githubusercontent.com\/drfuri\/demo-content\/main\/ecomus\/fashion\/images\/?page_id=208"},"modified":"2025-03-10T21:24:09","modified_gmt":"2025-03-10T21:24:09","slug":"quienes-somos","status":"publish","type":"page","link":"https:\/\/shop.souks.es\/en\/quienes-somos\/","title":{"rendered":"Quienes Somos"},"content":{"rendered":"<div data-elementor-type=\"wp-page\" data-elementor-id=\"208\" class=\"elementor elementor-208\">\n\t\t\t\t<div class=\"elementor-element elementor-element-2e9fd948 e-flex e-con-boxed ecomus-responsive-column ecomus-tablet-column--default ecomus-responsive-column ecomus-mobile-column--default ecomus-responsive-column ecomus-motion--var(--position) e-con e-parent\" data-id=\"2e9fd948\" data-element_type=\"container\" data-settings=\"{&quot;background_background&quot;:&quot;classic&quot;}\">\n\t\t\t\t\t<div class=\"e-con-inner\">\n\t\t\t\t<div class=\"elementor-element elementor-element-294a4692 elementor-widget elementor-widget-ecomus-heading\" data-id=\"294a4692\" data-element_type=\"widget\" data-widget_type=\"ecomus-heading.default\">\n\t\t\t\t<div class=\"elementor-widget-container\">\n\t\t\t\t\t\t\t<div class=\"ecomus-heading-elementor\">\n\t\t\t\t<h2 class=\"ecomus-heading em-flex em-flex-align-center ecomus-heading--default\">\n\t\t\t\t\t\t\t\t\t\tLas Autenticas Especias\t\t\t\t<\/h2>\n\t\t\t<\/div>\n\t\t\t\t\t\t<\/div>\n\t\t\t\t<\/div>\n\t\t\t\t\t<\/div>\n\t\t\t\t<\/div>\n\t\t<div class=\"elementor-element elementor-element-3cae0f82 e-flex e-con-boxed ecomus-responsive-column ecomus-tablet-column--default ecomus-responsive-column ecomus-mobile-column--default ecomus-responsive-column ecomus-motion--var(--position) e-con e-parent\" data-id=\"3cae0f82\" data-element_type=\"container\">\n\t\t\t\t\t<div class=\"e-con-inner\">\n\t\t\t\t<div class=\"elementor-element elementor-element-7cc5eec9 elementor-widget elementor-widget-ecomus-heading\" data-id=\"7cc5eec9\" data-element_type=\"widget\" data-widget_type=\"ecomus-heading.default\">\n\t\t\t\t<div class=\"elementor-widget-container\">\n\t\t\t\t\t\t\t<div class=\"ecomus-heading-elementor\">\n\t\t\t\t<h4 class=\"ecomus-heading em-flex em-flex-align-center ecomus-heading--default\">\n\t\t\t\t\t\t\t\t\t\tQuienes Somos\t\t\t\t<\/h4>\n\t\t\t<\/div>\n\t\t\t\t\t\t<\/div>\n\t\t\t\t<\/div>\n\t\t\t\t<div class=\"elementor-element elementor-element-3e0f360a elementor-widget__width-initial elementor-widget elementor-widget-text-editor\" data-id=\"3e0f360a\" data-element_type=\"widget\" data-widget_type=\"text-editor.default\">\n\t\t\t\t<div class=\"elementor-widget-container\">\n\t\t\t\t\t\t\t\t\t<p>SOUK: Una nueva etapa con ra\u00edces centenarias.<\/p>\t\t\t\t\t\t\t\t<\/div>\n\t\t\t\t<\/div>\n\t\t\t\t\t<\/div>\n\t\t\t\t<\/div>\n\t\t<div class=\"elementor-element elementor-element-4e99606e e-flex e-con-boxed ecomus-responsive-column ecomus-tablet-column--default ecomus-responsive-column ecomus-mobile-column--default ecomus-responsive-column ecomus-motion--var(--position) e-con e-parent\" data-id=\"4e99606e\" data-element_type=\"container\">\n\t\t\t\t\t<div class=\"e-con-inner\">\n\t\t\t\t<div class=\"elementor-element elementor-element-53e63a3 elementor-widget-divider--view-line elementor-widget elementor-widget-divider\" data-id=\"53e63a3\" data-element_type=\"widget\" data-widget_type=\"divider.default\">\n\t\t\t\t<div class=\"elementor-widget-container\">\n\t\t\t\t\t\t\t<div class=\"elementor-divider\">\n\t\t\t<span class=\"elementor-divider-separator\">\n\t\t\t\t\t\t<\/span>\n\t\t<\/div>\n\t\t\t\t\t\t<\/div>\n\t\t\t\t<\/div>\n\t\t\t\t\t<\/div>\n\t\t\t\t<\/div>\n\t\t<div class=\"elementor-element elementor-element-7f2521e7 e-flex e-con-boxed ecomus-responsive-column ecomus-tablet-column--default ecomus-responsive-column ecomus-mobile-column--default ecomus-responsive-column ecomus-motion--var(--position) e-con e-parent\" data-id=\"7f2521e7\" data-element_type=\"container\">\n\t\t\t\t\t<div class=\"e-con-inner\">\n\t\t<div class=\"elementor-element elementor-element-85478d2 e-con-full e-flex ecomus-responsive-column ecomus-tablet-column--default ecomus-responsive-column ecomus-mobile-column--default ecomus-responsive-column ecomus-motion--var(--position) e-con e-child\" data-id=\"85478d2\" data-element_type=\"container\">\n\t\t\t\t<div class=\"elementor-element elementor-element-5f2ce297 elementor-widget elementor-widget-image\" data-id=\"5f2ce297\" data-element_type=\"widget\" data-widget_type=\"image.default\">\n\t\t\t\t<div class=\"elementor-widget-container\">\n\t\t\t\t\t\t\t\t\t\t\t\t\t\t\t<img fetchpriority=\"high\" decoding=\"async\" width=\"2560\" height=\"1600\" src=\"https:\/\/shop.souks.es\/wp-content\/uploads\/2025\/03\/Logo-History-scaled.jpg\" class=\"attachment-full size-full wp-image-6753\" alt=\"\" srcset=\"https:\/\/shop.souks.es\/wp-content\/uploads\/2025\/03\/Logo-History-scaled.jpg 2560w, https:\/\/shop.souks.es\/wp-content\/uploads\/2025\/03\/Logo-History-300x188.jpg 300w, https:\/\/shop.souks.es\/wp-content\/uploads\/2025\/03\/Logo-History-1024x640.jpg 1024w, https:\/\/shop.souks.es\/wp-content\/uploads\/2025\/03\/Logo-History-768x480.jpg 768w, https:\/\/shop.souks.es\/wp-content\/uploads\/2025\/03\/Logo-History-1536x960.jpg 1536w, https:\/\/shop.souks.es\/wp-content\/uploads\/2025\/03\/Logo-History-2048x1280.jpg 2048w, https:\/\/shop.souks.es\/wp-content\/uploads\/2025\/03\/Logo-History-18x12.jpg 18w, https:\/\/shop.souks.es\/wp-content\/uploads\/2025\/03\/Logo-History-700x438.jpg 700w, https:\/\/shop.souks.es\/wp-content\/uploads\/2025\/03\/Logo-History-scaled-130x81.jpg 130w\" sizes=\"(max-width: 2560px) 100vw, 2560px\" \/>\t\t\t\t\t\t\t\t\t\t\t\t\t\t\t<\/div>\n\t\t\t\t<\/div>\n\t\t\t\t<\/div>\n\t\t<div class=\"elementor-element elementor-element-7856338f e-con-full e-flex ecomus-responsive-column ecomus-tablet-column--default ecomus-responsive-column ecomus-mobile-column--default ecomus-responsive-column ecomus-motion--var(--position) e-con e-child\" data-id=\"7856338f\" data-element_type=\"container\">\n\t\t<div class=\"elementor-element elementor-element-5ca1bd3b e-flex e-con-boxed ecomus-responsive-column ecomus-tablet-column--default ecomus-responsive-column ecomus-mobile-column--default ecomus-responsive-column ecomus-motion--var(--position) e-con e-child\" data-id=\"5ca1bd3b\" data-element_type=\"container\">\n\t\t\t\t\t<div class=\"e-con-inner\">\n\t\t\t\t<div class=\"elementor-element elementor-element-12cc2d10 elementor-widget elementor-widget-ecomus-heading\" data-id=\"12cc2d10\" data-element_type=\"widget\" data-widget_type=\"ecomus-heading.default\">\n\t\t\t\t<div class=\"elementor-widget-container\">\n\t\t\t\t\t\t\t<div class=\"ecomus-heading-elementor\">\n\t\t\t\t<h5 class=\"ecomus-heading em-flex em-flex-align-center ecomus-heading--default\">\n\t\t\t\t\t\t\t\t\t\tHistoria\t\t\t\t<\/h5>\n\t\t\t<\/div>\n\t\t\t\t\t\t<\/div>\n\t\t\t\t<\/div>\n\t\t\t\t<div class=\"elementor-element elementor-element-5629a737 elementor-widget elementor-widget-text-editor\" data-id=\"5629a737\" data-element_type=\"widget\" data-widget_type=\"text-editor.default\">\n\t\t\t\t<div class=\"elementor-widget-container\">\n\t\t\t\t\t\t\t\t\t<p>Soy Yuns Modi, nieto de Al\u00ed (1894-1985), un agricultor y visionario comerciante de la \u00e9poca dorada de Melilla, quien en su peque\u00f1o ultramarinos ofrec\u00eda productos a granel como aceite de oliva, ma\u00edz y especias que \u00e9l mismo elaboraba, tostando y moliendo con dedicaci\u00f3n. Tambi\u00e9n soy hijo de Marzok (1939-actualidad), comerciante incansable y pionero en la fabricaci\u00f3n de especias en Melilla, quien no solo abasteci\u00f3 a los comercios locales, sino que tambi\u00e9n cre\u00f3 una amplia red de clientes a nivel nacional. Su esfuerzo y pasi\u00f3n han dado forma a un legado centenario que hoy sostengo en mis manos.<\/p>\t\t\t\t\t\t\t\t<\/div>\n\t\t\t\t<\/div>\n\t\t\t\t\t<\/div>\n\t\t\t\t<\/div>\n\t\t\t\t<\/div>\n\t\t\t\t\t<\/div>\n\t\t\t\t<\/div>\n\t\t<div class=\"elementor-element elementor-element-296c666f e-flex e-con-boxed ecomus-responsive-column ecomus-tablet-column--default ecomus-responsive-column ecomus-mobile-column--default ecomus-responsive-column ecomus-motion--var(--position) e-con e-parent\" data-id=\"296c666f\" data-element_type=\"container\">\n\t\t\t\t\t<div class=\"e-con-inner\">\n\t\t<div class=\"elementor-element elementor-element-5b1679de e-con-full e-flex ecomus-responsive-column ecomus-tablet-column--default ecomus-responsive-column ecomus-mobile-column--default ecomus-responsive-column ecomus-motion--var(--position) e-con e-child\" data-id=\"5b1679de\" data-element_type=\"container\">\n\t\t<div class=\"elementor-element elementor-element-41177bd6 e-flex e-con-boxed ecomus-responsive-column ecomus-tablet-column--default ecomus-responsive-column ecomus-mobile-column--default ecomus-responsive-column ecomus-motion--var(--position) e-con e-child\" data-id=\"41177bd6\" data-element_type=\"container\">\n\t\t\t\t\t<div class=\"e-con-inner\">\n\t\t\t\t<div class=\"elementor-element elementor-element-4422482b elementor-widget-mobile__width-inherit elementor-widget elementor-widget-ecomus-heading\" data-id=\"4422482b\" data-element_type=\"widget\" data-widget_type=\"ecomus-heading.default\">\n\t\t\t\t<div class=\"elementor-widget-container\">\n\t\t\t\t\t\t\t<div class=\"ecomus-heading-elementor\">\n\t\t\t\t<h5 class=\"ecomus-heading em-flex em-flex-align-center ecomus-heading--default\">\n\t\t\t\t\t\t\t\t\t\tVisi\u00f3n\t\t\t\t<\/h5>\n\t\t\t<\/div>\n\t\t\t\t\t\t<\/div>\n\t\t\t\t<\/div>\n\t\t\t\t<div class=\"elementor-element elementor-element-12bc2167 elementor-widget elementor-widget-text-editor\" data-id=\"12bc2167\" data-element_type=\"widget\" data-widget_type=\"text-editor.default\">\n\t\t\t\t<div class=\"elementor-widget-container\">\n\t\t\t\t\t\t\t\t\t<p>Mi visi\u00f3n es clara: continuar el camino trazado por mis antecesores, produciendo lo mejor que s\u00e9, con la misma dedicaci\u00f3n, pureza y excelencia que siempre ha definido nuestro trabajo. El nombre Souk, que proviene de \u00abzoco\u00bb en espa\u00f1ol, evoca esos mercados tradicionales donde las especias han sido protagonistas desde tiempos inmemoriales. No podr\u00eda haber un nombre m\u00e1s apropiado para describir un negocio que honra la venta de especias puras y aut\u00e9nticas.<\/p>\t\t\t\t\t\t\t\t<\/div>\n\t\t\t\t<\/div>\n\t\t\t\t\t<\/div>\n\t\t\t\t<\/div>\n\t\t\t\t<\/div>\n\t\t<div class=\"elementor-element elementor-element-2e9c393e e-con-full e-flex ecomus-responsive-column ecomus-tablet-column--default ecomus-responsive-column ecomus-mobile-column--default ecomus-responsive-column ecomus-motion--var(--position) e-con e-child\" data-id=\"2e9c393e\" data-element_type=\"container\">\n\t\t\t\t<div class=\"elementor-element elementor-element-e03f5d2 elementor-widget elementor-widget-image\" data-id=\"e03f5d2\" data-element_type=\"widget\" data-widget_type=\"image.default\">\n\t\t\t\t<div class=\"elementor-widget-container\">\n\t\t\t\t\t\t\t\t\t\t\t\t\t\t\t<img decoding=\"async\" width=\"1500\" height=\"875\" src=\"https:\/\/shop.souks.es\/wp-content\/uploads\/2025\/03\/Vision.jpg\" class=\"attachment-full size-full wp-image-6751\" alt=\"\" srcset=\"https:\/\/shop.souks.es\/wp-content\/uploads\/2025\/03\/Vision.jpg 1500w, https:\/\/shop.souks.es\/wp-content\/uploads\/2025\/03\/Vision-300x175.jpg 300w, https:\/\/shop.souks.es\/wp-content\/uploads\/2025\/03\/Vision-1024x597.jpg 1024w, https:\/\/shop.souks.es\/wp-content\/uploads\/2025\/03\/Vision-768x448.jpg 768w, https:\/\/shop.souks.es\/wp-content\/uploads\/2025\/03\/Vision-18x12.jpg 18w, https:\/\/shop.souks.es\/wp-content\/uploads\/2025\/03\/Vision-700x408.jpg 700w, https:\/\/shop.souks.es\/wp-content\/uploads\/2025\/03\/Vision-130x76.jpg 130w\" sizes=\"(max-width: 1500px) 100vw, 1500px\" \/>\t\t\t\t\t\t\t\t\t\t\t\t\t\t\t<\/div>\n\t\t\t\t<\/div>\n\t\t\t\t<\/div>\n\t\t\t\t\t<\/div>\n\t\t\t\t<\/div>\n\t\t<div class=\"elementor-element elementor-element-a895995 e-flex e-con-boxed ecomus-responsive-column ecomus-tablet-column--default ecomus-responsive-column ecomus-mobile-column--default ecomus-responsive-column ecomus-motion--var(--position) e-con e-parent\" data-id=\"a895995\" data-element_type=\"container\">\n\t\t\t\t\t<div class=\"e-con-inner\">\n\t\t<div class=\"elementor-element elementor-element-edbab48 e-con-full e-flex ecomus-responsive-column ecomus-tablet-column--default ecomus-responsive-column ecomus-mobile-column--default ecomus-responsive-column ecomus-motion--var(--position) e-con e-child\" data-id=\"edbab48\" data-element_type=\"container\">\n\t\t\t\t<div class=\"elementor-element elementor-element-00c3ec8 elementor-widget elementor-widget-image\" data-id=\"00c3ec8\" data-element_type=\"widget\" data-widget_type=\"image.default\">\n\t\t\t\t<div class=\"elementor-widget-container\">\n\t\t\t\t\t\t\t\t\t\t\t\t\t\t\t<img decoding=\"async\" width=\"1500\" height=\"998\" src=\"https:\/\/shop.souks.es\/wp-content\/uploads\/2025\/03\/Mision.jpg\" class=\"attachment-full size-full wp-image-6750\" alt=\"\" srcset=\"https:\/\/shop.souks.es\/wp-content\/uploads\/2025\/03\/Mision.jpg 1500w, https:\/\/shop.souks.es\/wp-content\/uploads\/2025\/03\/Mision-300x200.jpg 300w, https:\/\/shop.souks.es\/wp-content\/uploads\/2025\/03\/Mision-1024x681.jpg 1024w, https:\/\/shop.souks.es\/wp-content\/uploads\/2025\/03\/Mision-768x511.jpg 768w, https:\/\/shop.souks.es\/wp-content\/uploads\/2025\/03\/Mision-18x12.jpg 18w, https:\/\/shop.souks.es\/wp-content\/uploads\/2025\/03\/Mision-700x466.jpg 700w, https:\/\/shop.souks.es\/wp-content\/uploads\/2025\/03\/Mision-130x86.jpg 130w\" sizes=\"(max-width: 1500px) 100vw, 1500px\" \/>\t\t\t\t\t\t\t\t\t\t\t\t\t\t\t<\/div>\n\t\t\t\t<\/div>\n\t\t\t\t<\/div>\n\t\t<div class=\"elementor-element elementor-element-e547321 e-con-full e-flex ecomus-responsive-column ecomus-tablet-column--default ecomus-responsive-column ecomus-mobile-column--default ecomus-responsive-column ecomus-motion--var(--position) e-con e-child\" data-id=\"e547321\" data-element_type=\"container\">\n\t\t<div class=\"elementor-element elementor-element-4a066d5 e-flex e-con-boxed ecomus-responsive-column ecomus-tablet-column--default ecomus-responsive-column ecomus-mobile-column--default ecomus-responsive-column ecomus-motion--var(--position) e-con e-child\" data-id=\"4a066d5\" data-element_type=\"container\">\n\t\t\t\t\t<div class=\"e-con-inner\">\n\t\t\t\t<div class=\"elementor-element elementor-element-65c7a79 elementor-widget elementor-widget-ecomus-heading\" data-id=\"65c7a79\" data-element_type=\"widget\" data-widget_type=\"ecomus-heading.default\">\n\t\t\t\t<div class=\"elementor-widget-container\">\n\t\t\t\t\t\t\t<div class=\"ecomus-heading-elementor\">\n\t\t\t\t<h5 class=\"ecomus-heading em-flex em-flex-align-center ecomus-heading--default\">\n\t\t\t\t\t\t\t\t\t\tMisi\u00f3n\t\t\t\t<\/h5>\n\t\t\t<\/div>\n\t\t\t\t\t\t<\/div>\n\t\t\t\t<\/div>\n\t\t\t\t<div class=\"elementor-element elementor-element-96440b7 elementor-widget elementor-widget-text-editor\" data-id=\"96440b7\" data-element_type=\"widget\" data-widget_type=\"text-editor.default\">\n\t\t\t\t<div class=\"elementor-widget-container\">\n\t\t\t\t\t\t\t\t\t<p>Souk surge con una misi\u00f3n: devolverles a las especias el valor que merecen en un mundo donde la adulteraci\u00f3n ha distorsionado su esencia. Queremos que los consumidores redescubran el aut\u00e9ntico sabor y el aroma de las especias 100% puras. Nuestra meta es realzar tus platos cotidianos o de ocasiones especiales, ofreci\u00e9ndote la excelencia que mereces en cada pizca. En definitiva, Souk no es solo una marca, es una promesa: llevar a tu cocina especias de m\u00e1xima pureza, para que cada creaci\u00f3n culinaria sea una experiencia extraordinaria.<\/p>\t\t\t\t\t\t\t\t<\/div>\n\t\t\t\t<\/div>\n\t\t\t\t\t<\/div>\n\t\t\t\t<\/div>\n\t\t\t\t<\/div>\n\t\t\t\t\t<\/div>\n\t\t\t\t<\/div>\n\t\t<div class=\"elementor-element elementor-element-a434cdb e-flex e-con-boxed ecomus-responsive-column ecomus-tablet-column--default ecomus-responsive-column ecomus-mobile-column--default ecomus-responsive-column ecomus-motion--var(--position) e-con e-parent\" data-id=\"a434cdb\" data-element_type=\"container\">\n\t\t\t\t\t<div class=\"e-con-inner\">\n\t\t\t\t<div class=\"elementor-element elementor-element-affdb9f elementor-widget elementor-widget-spacer\" data-id=\"affdb9f\" data-element_type=\"widget\" data-widget_type=\"spacer.default\">\n\t\t\t\t<div class=\"elementor-widget-container\">\n\t\t\t\t\t\t\t<div class=\"elementor-spacer\">\n\t\t\t<div class=\"elementor-spacer-inner\"><\/div>\n\t\t<\/div>\n\t\t\t\t\t\t<\/div>\n\t\t\t\t<\/div>\n\t\t\t\t\t<\/div>\n\t\t\t\t<\/div>\n\t\t\t\t<\/div>","protected":false},"excerpt":{"rendered":"<p>Las Autenticas Especias Quienes Somos SOUK: Una nueva etapa con ra\u00edces centenarias. Historia Soy Yuns Modi, nieto de Al\u00ed (1894-1985), un agricultor y visionario comerciante de la \u00e9poca dorada de Melilla, quien en su peque\u00f1o ultramarinos ofrec\u00eda productos a granel como aceite de oliva, ma\u00edz y especias que \u00e9l mismo elaboraba, tostando y moliendo con [&hellip;]<\/p>","protected":false},"author":1,"featured_media":0,"parent":0,"menu_order":0,"comment_status":"closed","ping_status":"closed","template":"","meta":{"_joinchat":[],"footnotes":""},"class_list":["post-208","page","type-page","status-publish","hentry"],"yoast_head":"<!-- This site is optimized with the Yoast SEO plugin v24.8.1 - https:\/\/yoast.com\/wordpress\/plugins\/seo\/ -->\n<title>Quienes Somos - Souks.es<\/title>\n<meta name=\"robots\" content=\"index, follow, max-snippet:-1, max-image-preview:large, max-video-preview:-1\" \/>\n<link rel=\"canonical\" href=\"https:\/\/shop.souks.es\/en\/quienes-somos\/\" \/>\n<meta property=\"og:locale\" content=\"en_US\" \/>\n<meta property=\"og:type\" content=\"article\" \/>\n<meta property=\"og:title\" content=\"Quienes Somos - Souks.es\" \/>\n<meta property=\"og:description\" content=\"Las Autenticas Especias Quienes Somos SOUK: Una nueva etapa con ra\u00edces centenarias. Historia Soy Yuns Modi, nieto de Al\u00ed (1894-1985), un agricultor y visionario comerciante de la \u00e9poca dorada de Melilla, quien en su peque\u00f1o ultramarinos ofrec\u00eda productos a granel como aceite de oliva, ma\u00edz y especias que \u00e9l mismo elaboraba, tostando y moliendo con [&hellip;]\" \/>\n<meta property=\"og:url\" content=\"https:\/\/shop.souks.es\/en\/quienes-somos\/\" \/>\n<meta property=\"og:site_name\" content=\"Souks.es\" \/>\n<meta property=\"article:modified_time\" content=\"2025-03-10T21:24:09+00:00\" \/>\n<meta property=\"og:image\" content=\"https:\/\/darkslategrey-elephant-922449.hostingersite.com\/wp-content\/uploads\/2025\/03\/Logo-History-scaled.jpg\" \/>\n<meta name=\"twitter:card\" content=\"summary_large_image\" \/>\n<meta name=\"twitter:label1\" content=\"Est. reading time\" \/>\n\t<meta name=\"twitter:data1\" content=\"2 minutes\" \/>\n<script type=\"application\/ld+json\" class=\"yoast-schema-graph\">{\"@context\":\"https:\/\/schema.org\",\"@graph\":[{\"@type\":\"WebPage\",\"@id\":\"https:\/\/shop.souks.es\/en\/quienes-somos\/\",\"url\":\"https:\/\/shop.souks.es\/en\/quienes-somos\/\",\"name\":\"Quienes Somos - Souks.es\",\"isPartOf\":{\"@id\":\"https:\/\/darkslategrey-elephant-922449.hostingersite.com\/en\/#website\"},\"primaryImageOfPage\":{\"@id\":\"https:\/\/shop.souks.es\/en\/quienes-somos\/#primaryimage\"},\"image\":{\"@id\":\"https:\/\/shop.souks.es\/en\/quienes-somos\/#primaryimage\"},\"thumbnailUrl\":\"https:\/\/darkslategrey-elephant-922449.hostingersite.com\/wp-content\/uploads\/2025\/03\/Logo-History-scaled.jpg\",\"datePublished\":\"2024-06-10T08:18:19+00:00\",\"dateModified\":\"2025-03-10T21:24:09+00:00\",\"breadcrumb\":{\"@id\":\"https:\/\/shop.souks.es\/en\/quienes-somos\/#breadcrumb\"},\"inLanguage\":\"en-US\",\"potentialAction\":[{\"@type\":\"ReadAction\",\"target\":[\"https:\/\/shop.souks.es\/en\/quienes-somos\/\"]}]},{\"@type\":\"ImageObject\",\"inLanguage\":\"en-US\",\"@id\":\"https:\/\/shop.souks.es\/en\/quienes-somos\/#primaryimage\",\"url\":\"https:\/\/darkslategrey-elephant-922449.hostingersite.com\/wp-content\/uploads\/2025\/03\/Logo-History-scaled.jpg\",\"contentUrl\":\"https:\/\/darkslategrey-elephant-922449.hostingersite.com\/wp-content\/uploads\/2025\/03\/Logo-History-scaled.jpg\"},{\"@type\":\"BreadcrumbList\",\"@id\":\"https:\/\/shop.souks.es\/en\/quienes-somos\/#breadcrumb\",\"itemListElement\":[{\"@type\":\"ListItem\",\"position\":1,\"name\":\"Portada\",\"item\":\"https:\/\/darkslategrey-elephant-922449.hostingersite.com\/en\/\"},{\"@type\":\"ListItem\",\"position\":2,\"name\":\"Quienes Somos\"}]},{\"@type\":\"WebSite\",\"@id\":\"https:\/\/darkslategrey-elephant-922449.hostingersite.com\/en\/#website\",\"url\":\"https:\/\/darkslategrey-elephant-922449.hostingersite.com\/en\/\",\"name\":\"Souks.es\",\"description\":\"Maxima Pureza\",\"potentialAction\":[{\"@type\":\"SearchAction\",\"target\":{\"@type\":\"EntryPoint\",\"urlTemplate\":\"https:\/\/darkslategrey-elephant-922449.hostingersite.com\/en\/?s={search_term_string}\"},\"query-input\":{\"@type\":\"PropertyValueSpecification\",\"valueRequired\":true,\"valueName\":\"search_term_string\"}}],\"inLanguage\":\"en-US\"}]}<\/script>\n<!-- \/ Yoast SEO plugin. -->","yoast_head_json":{"title":"Quienes Somos - Souks.es","robots":{"index":"index","follow":"follow","max-snippet":"max-snippet:-1","max-image-preview":"max-image-preview:large","max-video-preview":"max-video-preview:-1"},"canonical":"https:\/\/shop.souks.es\/en\/quienes-somos\/","og_locale":"en_US","og_type":"article","og_title":"Quienes Somos - Souks.es","og_description":"Las Autenticas Especias Quienes Somos SOUK: Una nueva etapa con ra\u00edces centenarias. Historia Soy Yuns Modi, nieto de Al\u00ed (1894-1985), un agricultor y visionario comerciante de la \u00e9poca dorada de Melilla, quien en su peque\u00f1o ultramarinos ofrec\u00eda productos a granel como aceite de oliva, ma\u00edz y especias que \u00e9l mismo elaboraba, tostando y moliendo con [&hellip;]","og_url":"https:\/\/shop.souks.es\/en\/quienes-somos\/","og_site_name":"Souks.es","article_modified_time":"2025-03-10T21:24:09+00:00","og_image":[{"url":"https:\/\/darkslategrey-elephant-922449.hostingersite.com\/wp-content\/uploads\/2025\/03\/Logo-History-scaled.jpg","type":"","width":"","height":""}],"twitter_card":"summary_large_image","twitter_misc":{"Est. reading time":"2 minutes"},"schema":{"@context":"https:\/\/schema.org","@graph":[{"@type":"WebPage","@id":"https:\/\/shop.souks.es\/en\/quienes-somos\/","url":"https:\/\/shop.souks.es\/en\/quienes-somos\/","name":"Quienes Somos - Souks.es","isPartOf":{"@id":"https:\/\/darkslategrey-elephant-922449.hostingersite.com\/en\/#website"},"primaryImageOfPage":{"@id":"https:\/\/shop.souks.es\/en\/quienes-somos\/#primaryimage"},"image":{"@id":"https:\/\/shop.souks.es\/en\/quienes-somos\/#primaryimage"},"thumbnailUrl":"https:\/\/darkslategrey-elephant-922449.hostingersite.com\/wp-content\/uploads\/2025\/03\/Logo-History-scaled.jpg","datePublished":"2024-06-10T08:18:19+00:00","dateModified":"2025-03-10T21:24:09+00:00","breadcrumb":{"@id":"https:\/\/shop.souks.es\/en\/quienes-somos\/#breadcrumb"},"inLanguage":"en-US","potentialAction":[{"@type":"ReadAction","target":["https:\/\/shop.souks.es\/en\/quienes-somos\/"]}]},{"@type":"ImageObject","inLanguage":"en-US","@id":"https:\/\/shop.souks.es\/en\/quienes-somos\/#primaryimage","url":"https:\/\/darkslategrey-elephant-922449.hostingersite.com\/wp-content\/uploads\/2025\/03\/Logo-History-scaled.jpg","contentUrl":"https:\/\/darkslategrey-elephant-922449.hostingersite.com\/wp-content\/uploads\/2025\/03\/Logo-History-scaled.jpg"},{"@type":"BreadcrumbList","@id":"https:\/\/shop.souks.es\/en\/quienes-somos\/#breadcrumb","itemListElement":[{"@type":"ListItem","position":1,"name":"Portada","item":"https:\/\/darkslategrey-elephant-922449.hostingersite.com\/en\/"},{"@type":"ListItem","position":2,"name":"Quienes Somos"}]},{"@type":"WebSite","@id":"https:\/\/darkslategrey-elephant-922449.hostingersite.com\/en\/#website","url":"https:\/\/darkslategrey-elephant-922449.hostingersite.com\/en\/","name":"Souks.es","description":"Maxima Pureza","potentialAction":[{"@type":"SearchAction","target":{"@type":"EntryPoint","urlTemplate":"https:\/\/darkslategrey-elephant-922449.hostingersite.com\/en\/?s={search_term_string}"},"query-input":{"@type":"PropertyValueSpecification","valueRequired":true,"valueName":"search_term_string"}}],"inLanguage":"en-US"}]}},"_links":{"self":[{"href":"https:\/\/shop.souks.es\/en\/wp-json\/wp\/v2\/pages\/208","targetHints":{"allow":["GET"]}}],"collection":[{"href":"https:\/\/shop.souks.es\/en\/wp-json\/wp\/v2\/pages"}],"about":[{"href":"https:\/\/shop.souks.es\/en\/wp-json\/wp\/v2\/types\/page"}],"author":[{"embeddable":true,"href":"https:\/\/shop.souks.es\/en\/wp-json\/wp\/v2\/users\/1"}],"replies":[{"embeddable":true,"href":"https:\/\/shop.souks.es\/en\/wp-json\/wp\/v2\/comments?post=208"}],"version-history":[{"count":19,"href":"https:\/\/shop.souks.es\/en\/wp-json\/wp\/v2\/pages\/208\/revisions"}],"predecessor-version":[{"id":6766,"href":"https:\/\/shop.souks.es\/en\/wp-json\/wp\/v2\/pages\/208\/revisions\/6766"}],"wp:attachment":[{"href":"https:\/\/shop.souks.es\/en\/wp-json\/wp\/v2\/media?parent=208"}],"curies":[{"name":"wp","href":"https:\/\/api.w.org\/{rel}","templated":true}]}}